{"id":2941,"date":"2024-07-23T20:48:53","date_gmt":"2024-07-23T18:48:53","guid":{"rendered":"https:\/\/artgallery-passage.com\/?post_type=product&#038;p=2941"},"modified":"2024-10-18T11:23:05","modified_gmt":"2024-10-18T09:23:05","slug":"gemalde-zu-verkaufen","status":"publish","type":"product","link":"https:\/\/artgallery-passage.com\/de\/dielo\/gemalde-zu-verkaufen\/","title":{"rendered":"Verk\u00e4ufe. W\u00fcnschen Sie"},"content":{"rendered":"<p>A<strong>utor: Igor Navrotskyi<\/strong><\/p>\n<p><strong>Titel: <\/strong>\u00d6lgem\u00e4lde &#8222;Wunsch&#8220;<strong><br \/>\n<\/strong><strong>Jahr:<\/strong> 2024<br \/>\n<strong>Ma\u00dfe: <\/strong>61 x 45 cm.<strong><br \/>\n<\/strong><strong>Markierung: <\/strong>handgefertigt unten<br \/>\n<strong>Rahmen: nein <\/strong><strong>Motiv:<\/strong>figurative Malerei ,<strong><br \/>\nPortr\u00e4t<\/strong><strong>Technik: <\/strong>\u00d6l auf Leinwand \u00d6lgem\u00e4lde<\/p>\n","protected":false},"excerpt":{"rendered":"<div class=\"productListFGridText\">\n<div class=\"productListFGridText\">\n<p class=\"productListFGridDescription\"><strong>Gr\u00f6\u00dfe:<\/strong> 61<strong> x 45 cm. <\/strong> <strong>Technik:<\/strong> \u00d6l auf Leinwand.<\/p>\n<\/div>\n<\/div>\n","protected":false},"featured_media":2944,"template":"","meta":[],"product_cat":[495,490],"product_tag":[579,713,531,597,690,655,715,598,714,533,712],"yoast_head":"<!-- This site is optimized with the Yoast SEO plugin v20.3 - https:\/\/yoast.com\/wordpress\/plugins\/seo\/ -->\n<title>Verk\u00e4ufe. W\u00fcnschen Sie - ART PASSAGE GALLERY<\/title>\n<meta name=\"description\" content=\"\u00d6lgem\u00e4lde &quot;Wunsch &quot;Kunst Gem\u00e4lde Kunstgalerie Kunstgalerie Bratislava \u00d6lgem\u00e4lde Akt Design \u00d6lgem\u00e4lde \u00d6lgem\u00e4lde Realismus \u00d6lgem\u00e4lde\" \/>\n<meta name=\"robots\" content=\"index, follow, max-snippet:-1, max-image-preview:large, max-video-preview:-1\" \/>\n<link rel=\"canonical\" href=\"https:\/\/artgallery-passage.com\/de\/dielo\/gemalde-zu-verkaufen\/\" \/>\n<meta property=\"og:locale\" content=\"de_DE\" \/>\n<meta property=\"og:type\" content=\"article\" \/>\n<meta property=\"og:title\" content=\"Verk\u00e4ufe. W\u00fcnschen Sie - ART PASSAGE GALLERY\" \/>\n<meta property=\"og:description\" content=\"\u00d6lgem\u00e4lde &quot;Wunsch &quot;Kunst Gem\u00e4lde Kunstgalerie Kunstgalerie Bratislava \u00d6lgem\u00e4lde Akt Design \u00d6lgem\u00e4lde \u00d6lgem\u00e4lde Realismus \u00d6lgem\u00e4lde\" \/>\n<meta property=\"og:url\" content=\"https:\/\/artgallery-passage.com\/de\/dielo\/gemalde-zu-verkaufen\/\" \/>\n<meta property=\"og:site_name\" content=\"ART PASSAGE GALLERY\" \/>\n<meta property=\"article:modified_time\" content=\"2024-10-18T09:23:05+00:00\" \/>\n<meta property=\"og:image\" content=\"https:\/\/artgallery-passage.com\/wp-content\/uploads\/2024\/07\/61-x-45-prianie.-350-eur.jpg\" \/>\n\t<meta property=\"og:image:width\" content=\"700\" \/>\n\t<meta property=\"og:image:height\" content=\"958\" \/>\n\t<meta property=\"og:image:type\" content=\"image\/jpeg\" \/>\n<meta name=\"twitter:card\" content=\"summary_large_image\" \/>\n<meta name=\"twitter:label1\" content=\"Est. reading time\" \/>\n\t<meta name=\"twitter:data1\" content=\"1 Minute\" \/>\n<script type=\"application\/ld+json\" class=\"yoast-schema-graph\">{\"@context\":\"https:\/\/schema.org\",\"@graph\":[{\"@type\":\"WebPage\",\"@id\":\"https:\/\/artgallery-passage.com\/de\/dielo\/gemalde-zu-verkaufen\/\",\"url\":\"https:\/\/artgallery-passage.com\/de\/dielo\/gemalde-zu-verkaufen\/\",\"name\":\"Verk\u00e4ufe. W\u00fcnschen Sie - ART PASSAGE GALLERY\",\"isPartOf\":{\"@id\":\"https:\/\/artgallery-passage.com\/de\/#website\"},\"datePublished\":\"2024-07-23T18:48:53+00:00\",\"dateModified\":\"2024-10-18T09:23:05+00:00\",\"description\":\"\u00d6lgem\u00e4lde \\\"Wunsch \\\"Kunst Gem\u00e4lde Kunstgalerie Kunstgalerie Bratislava \u00d6lgem\u00e4lde Akt Design \u00d6lgem\u00e4lde \u00d6lgem\u00e4lde Realismus \u00d6lgem\u00e4lde\",\"breadcrumb\":{\"@id\":\"https:\/\/artgallery-passage.com\/de\/dielo\/gemalde-zu-verkaufen\/#breadcrumb\"},\"inLanguage\":\"de-DE\",\"potentialAction\":[{\"@type\":\"ReadAction\",\"target\":[\"https:\/\/artgallery-passage.com\/de\/dielo\/gemalde-zu-verkaufen\/\"]}]},{\"@type\":\"BreadcrumbList\",\"@id\":\"https:\/\/artgallery-passage.com\/de\/dielo\/gemalde-zu-verkaufen\/#breadcrumb\",\"itemListElement\":[{\"@type\":\"ListItem\",\"position\":1,\"name\":\"Domovsk\u00e1 str\u00e1nka\",\"item\":\"https:\/\/artgallery-passage.com\/de\/\"},{\"@type\":\"ListItem\",\"position\":2,\"name\":\"Werke\",\"item\":\"https:\/\/artgallery-passage.com\/de\/werke\/\"},{\"@type\":\"ListItem\",\"position\":3,\"name\":\"Verk\u00e4ufe. W\u00fcnschen Sie\"}]},{\"@type\":\"WebSite\",\"@id\":\"https:\/\/artgallery-passage.com\/de\/#website\",\"url\":\"https:\/\/artgallery-passage.com\/de\/\",\"name\":\"ART PASSAGE GALLERY\",\"description\":\"Ru\u010dne ma\u013eovan\u00e9 obrazy\",\"potentialAction\":[{\"@type\":\"SearchAction\",\"target\":{\"@type\":\"EntryPoint\",\"urlTemplate\":\"https:\/\/artgallery-passage.com\/de\/?s={search_term_string}\"},\"query-input\":\"required name=search_term_string\"}],\"inLanguage\":\"de-DE\"}]}<\/script>\n<!-- \/ Yoast SEO plugin. -->","yoast_head_json":{"title":"Verk\u00e4ufe. W\u00fcnschen Sie - ART PASSAGE GALLERY","description":"\u00d6lgem\u00e4lde \"Wunsch \"Kunst Gem\u00e4lde Kunstgalerie Kunstgalerie Bratislava \u00d6lgem\u00e4lde Akt Design \u00d6lgem\u00e4lde \u00d6lgem\u00e4lde Realismus \u00d6lgem\u00e4lde","robots":{"index":"index","follow":"follow","max-snippet":"max-snippet:-1","max-image-preview":"max-image-preview:large","max-video-preview":"max-video-preview:-1"},"canonical":"https:\/\/artgallery-passage.com\/de\/dielo\/gemalde-zu-verkaufen\/","og_locale":"de_DE","og_type":"article","og_title":"Verk\u00e4ufe. W\u00fcnschen Sie - ART PASSAGE GALLERY","og_description":"\u00d6lgem\u00e4lde \"Wunsch \"Kunst Gem\u00e4lde Kunstgalerie Kunstgalerie Bratislava \u00d6lgem\u00e4lde Akt Design \u00d6lgem\u00e4lde \u00d6lgem\u00e4lde Realismus \u00d6lgem\u00e4lde","og_url":"https:\/\/artgallery-passage.com\/de\/dielo\/gemalde-zu-verkaufen\/","og_site_name":"ART PASSAGE GALLERY","article_modified_time":"2024-10-18T09:23:05+00:00","og_image":[{"width":700,"height":958,"url":"https:\/\/artgallery-passage.com\/wp-content\/uploads\/2024\/07\/61-x-45-prianie.-350-eur.jpg","type":"image\/jpeg"}],"twitter_card":"summary_large_image","twitter_misc":{"Est. reading time":"1 Minute"},"schema":{"@context":"https:\/\/schema.org","@graph":[{"@type":"WebPage","@id":"https:\/\/artgallery-passage.com\/de\/dielo\/gemalde-zu-verkaufen\/","url":"https:\/\/artgallery-passage.com\/de\/dielo\/gemalde-zu-verkaufen\/","name":"Verk\u00e4ufe. W\u00fcnschen Sie - ART PASSAGE GALLERY","isPartOf":{"@id":"https:\/\/artgallery-passage.com\/de\/#website"},"datePublished":"2024-07-23T18:48:53+00:00","dateModified":"2024-10-18T09:23:05+00:00","description":"\u00d6lgem\u00e4lde \"Wunsch \"Kunst Gem\u00e4lde Kunstgalerie Kunstgalerie Bratislava \u00d6lgem\u00e4lde Akt Design \u00d6lgem\u00e4lde \u00d6lgem\u00e4lde Realismus \u00d6lgem\u00e4lde","breadcrumb":{"@id":"https:\/\/artgallery-passage.com\/de\/dielo\/gemalde-zu-verkaufen\/#breadcrumb"},"inLanguage":"de-DE","potentialAction":[{"@type":"ReadAction","target":["https:\/\/artgallery-passage.com\/de\/dielo\/gemalde-zu-verkaufen\/"]}]},{"@type":"BreadcrumbList","@id":"https:\/\/artgallery-passage.com\/de\/dielo\/gemalde-zu-verkaufen\/#breadcrumb","itemListElement":[{"@type":"ListItem","position":1,"name":"Domovsk\u00e1 str\u00e1nka","item":"https:\/\/artgallery-passage.com\/de\/"},{"@type":"ListItem","position":2,"name":"Werke","item":"https:\/\/artgallery-passage.com\/de\/werke\/"},{"@type":"ListItem","position":3,"name":"Verk\u00e4ufe. W\u00fcnschen Sie"}]},{"@type":"WebSite","@id":"https:\/\/artgallery-passage.com\/de\/#website","url":"https:\/\/artgallery-passage.com\/de\/","name":"ART PASSAGE GALLERY","description":"Ru\u010dne ma\u013eovan\u00e9 obrazy","potentialAction":[{"@type":"SearchAction","target":{"@type":"EntryPoint","urlTemplate":"https:\/\/artgallery-passage.com\/de\/?s={search_term_string}"},"query-input":"required name=search_term_string"}],"inLanguage":"de-DE"}]}},"_links":{"self":[{"href":"https:\/\/artgallery-passage.com\/de\/wp-json\/wp\/v2\/product\/2941"}],"collection":[{"href":"https:\/\/artgallery-passage.com\/de\/wp-json\/wp\/v2\/product"}],"about":[{"href":"https:\/\/artgallery-passage.com\/de\/wp-json\/wp\/v2\/types\/product"}],"wp:featuredmedia":[{"embeddable":true,"href":"https:\/\/artgallery-passage.com\/de\/wp-json\/wp\/v2\/media\/2944"}],"wp:attachment":[{"href":"https:\/\/artgallery-passage.com\/de\/wp-json\/wp\/v2\/media?parent=2941"}],"wp:term":[{"taxonomy":"product_cat","embeddable":true,"href":"https:\/\/artgallery-passage.com\/de\/wp-json\/wp\/v2\/product_cat?post=2941"},{"taxonomy":"product_tag","embeddable":true,"href":"https:\/\/artgallery-passage.com\/de\/wp-json\/wp\/v2\/product_tag?post=2941"}],"curies":[{"name":"wp","href":"https:\/\/api.w.org\/{rel}","templated":true}]}}