{"id":2960,"date":"2024-09-10T08:13:59","date_gmt":"2024-09-10T06:13:59","guid":{"rendered":"https:\/\/artgallery-passage.com\/?post_type=product&#038;p=2960"},"modified":"2024-10-18T11:30:45","modified_gmt":"2024-10-18T09:30:45","slug":"gemalde-zu-verkaufen-prag","status":"publish","type":"product","link":"https:\/\/artgallery-passage.com\/de\/dielo\/gemalde-zu-verkaufen-prag\/","title":{"rendered":"Gem\u00e4lde zu verkaufen . Prag"},"content":{"rendered":"<p>A<strong>utor: IGOR NAVROTSKYI<\/strong><strong>Titel: \u00d6lgem\u00e4lde &#8222;Prag&#8220;.<\/strong><strong>Jahr:<\/strong> 2024<strong>Ma\u00dfe: 70\u00d789 cm. <\/strong><br \/>\n<strong><\/p>\n<p> M<strong>arkierung: handgefertigt unten<\/strong> Rahmen<strong>: nein <\/strong><strong>Motiv: urban.landscape<\/strong><strong>Technik: \u00d6l auf Leinwand \u00d6lgem\u00e4lde<\/strong><\/strong><\/p>\n","protected":false},"excerpt":{"rendered":"<div class=\"productListFGridText\">\n<div class=\"productListFGridText\">\n<p class=\"productListFGridDescription\"><strong>Gr\u00f6\u00dfe:<\/strong> <strong>70\u00d789 cm.<\/strong> <strong>Technik:<\/strong> \u00d6l auf Leinwand.<\/p>\n<\/div>\n<\/div>\n","protected":false},"featured_media":2963,"template":"","meta":[],"product_cat":[496,490,493],"product_tag":[793,713,792,531,597,690,655,715,598,714,533,791,788],"yoast_head":"<!-- This site is optimized with the Yoast SEO plugin v20.3 - https:\/\/yoast.com\/wordpress\/plugins\/seo\/ -->\n<title>Gem\u00e4lde zu verkaufen . Prag - ART PASSAGE GALLERY Bild<\/title>\n<meta name=\"description\" content=\"\u00d6lgem\u00e4lde &quot;Prag&quot; .art paintings Kunstwerk Kunstgalerie bratislava Kunstgalerie bratislava kosice \u00d6lgem\u00e4lde Akt Design \u00d6lgem\u00e4lde \u00d6lgem\u00e4lde \u00d6lgem\u00e4lde Realismus\" \/>\n<meta name=\"robots\" content=\"index, follow, max-snippet:-1, max-image-preview:large, max-video-preview:-1\" \/>\n<link rel=\"canonical\" href=\"https:\/\/artgallery-passage.com\/de\/dielo\/gemalde-zu-verkaufen-prag\/\" \/>\n<meta property=\"og:locale\" content=\"de_DE\" \/>\n<meta property=\"og:type\" content=\"article\" \/>\n<meta property=\"og:title\" content=\"Gem\u00e4lde zu verkaufen . Prag - ART PASSAGE GALLERY Bild\" \/>\n<meta property=\"og:description\" content=\"\u00d6lgem\u00e4lde &quot;Prag&quot; .art paintings Kunstwerk Kunstgalerie bratislava Kunstgalerie bratislava kosice \u00d6lgem\u00e4lde Akt Design \u00d6lgem\u00e4lde \u00d6lgem\u00e4lde \u00d6lgem\u00e4lde Realismus\" \/>\n<meta property=\"og:url\" content=\"https:\/\/artgallery-passage.com\/de\/dielo\/gemalde-zu-verkaufen-prag\/\" \/>\n<meta property=\"og:site_name\" content=\"ART PASSAGE GALLERY\" \/>\n<meta property=\"article:modified_time\" content=\"2024-10-18T09:30:45+00:00\" \/>\n<meta property=\"og:image\" content=\"https:\/\/artgallery-passage.com\/wp-content\/uploads\/2024\/09\/Praha.-70-x-89.-600-eur.jpg\" \/>\n\t<meta property=\"og:image:width\" content=\"1000\" \/>\n\t<meta property=\"og:image:height\" content=\"793\" \/>\n\t<meta property=\"og:image:type\" content=\"image\/jpeg\" \/>\n<meta name=\"twitter:card\" content=\"summary_large_image\" \/>\n<meta name=\"twitter:label1\" content=\"Est. reading time\" \/>\n\t<meta name=\"twitter:data1\" content=\"1 Minute\" \/>\n<script type=\"application\/ld+json\" class=\"yoast-schema-graph\">{\"@context\":\"https:\/\/schema.org\",\"@graph\":[{\"@type\":\"WebPage\",\"@id\":\"https:\/\/artgallery-passage.com\/de\/dielo\/gemalde-zu-verkaufen-prag\/\",\"url\":\"https:\/\/artgallery-passage.com\/de\/dielo\/gemalde-zu-verkaufen-prag\/\",\"name\":\"Gem\u00e4lde zu verkaufen . Prag - ART PASSAGE GALLERY Bild\",\"isPartOf\":{\"@id\":\"https:\/\/artgallery-passage.com\/de\/#website\"},\"datePublished\":\"2024-09-10T06:13:59+00:00\",\"dateModified\":\"2024-10-18T09:30:45+00:00\",\"description\":\"\u00d6lgem\u00e4lde \\\"Prag\\\" .art paintings Kunstwerk Kunstgalerie bratislava Kunstgalerie bratislava kosice \u00d6lgem\u00e4lde Akt Design \u00d6lgem\u00e4lde \u00d6lgem\u00e4lde \u00d6lgem\u00e4lde Realismus\",\"breadcrumb\":{\"@id\":\"https:\/\/artgallery-passage.com\/de\/dielo\/gemalde-zu-verkaufen-prag\/#breadcrumb\"},\"inLanguage\":\"de-DE\",\"potentialAction\":[{\"@type\":\"ReadAction\",\"target\":[\"https:\/\/artgallery-passage.com\/de\/dielo\/gemalde-zu-verkaufen-prag\/\"]}]},{\"@type\":\"BreadcrumbList\",\"@id\":\"https:\/\/artgallery-passage.com\/de\/dielo\/gemalde-zu-verkaufen-prag\/#breadcrumb\",\"itemListElement\":[{\"@type\":\"ListItem\",\"position\":1,\"name\":\"Domovsk\u00e1 str\u00e1nka\",\"item\":\"https:\/\/artgallery-passage.com\/de\/\"},{\"@type\":\"ListItem\",\"position\":2,\"name\":\"Werke\",\"item\":\"https:\/\/artgallery-passage.com\/de\/werke\/\"},{\"@type\":\"ListItem\",\"position\":3,\"name\":\"Gem\u00e4lde zu verkaufen . Prag\"}]},{\"@type\":\"WebSite\",\"@id\":\"https:\/\/artgallery-passage.com\/de\/#website\",\"url\":\"https:\/\/artgallery-passage.com\/de\/\",\"name\":\"ART PASSAGE GALLERY\",\"description\":\"Ru\u010dne ma\u013eovan\u00e9 obrazy\",\"potentialAction\":[{\"@type\":\"SearchAction\",\"target\":{\"@type\":\"EntryPoint\",\"urlTemplate\":\"https:\/\/artgallery-passage.com\/de\/?s={search_term_string}\"},\"query-input\":\"required name=search_term_string\"}],\"inLanguage\":\"de-DE\"}]}<\/script>\n<!-- \/ Yoast SEO plugin. -->","yoast_head_json":{"title":"Gem\u00e4lde zu verkaufen . Prag - ART PASSAGE GALLERY Bild","description":"\u00d6lgem\u00e4lde \"Prag\" .art paintings Kunstwerk Kunstgalerie bratislava Kunstgalerie bratislava kosice \u00d6lgem\u00e4lde Akt Design \u00d6lgem\u00e4lde \u00d6lgem\u00e4lde \u00d6lgem\u00e4lde Realismus","robots":{"index":"index","follow":"follow","max-snippet":"max-snippet:-1","max-image-preview":"max-image-preview:large","max-video-preview":"max-video-preview:-1"},"canonical":"https:\/\/artgallery-passage.com\/de\/dielo\/gemalde-zu-verkaufen-prag\/","og_locale":"de_DE","og_type":"article","og_title":"Gem\u00e4lde zu verkaufen . Prag - ART PASSAGE GALLERY Bild","og_description":"\u00d6lgem\u00e4lde \"Prag\" .art paintings Kunstwerk Kunstgalerie bratislava Kunstgalerie bratislava kosice \u00d6lgem\u00e4lde Akt Design \u00d6lgem\u00e4lde \u00d6lgem\u00e4lde \u00d6lgem\u00e4lde Realismus","og_url":"https:\/\/artgallery-passage.com\/de\/dielo\/gemalde-zu-verkaufen-prag\/","og_site_name":"ART PASSAGE GALLERY","article_modified_time":"2024-10-18T09:30:45+00:00","og_image":[{"width":1000,"height":793,"url":"https:\/\/artgallery-passage.com\/wp-content\/uploads\/2024\/09\/Praha.-70-x-89.-600-eur.jpg","type":"image\/jpeg"}],"twitter_card":"summary_large_image","twitter_misc":{"Est. reading time":"1 Minute"},"schema":{"@context":"https:\/\/schema.org","@graph":[{"@type":"WebPage","@id":"https:\/\/artgallery-passage.com\/de\/dielo\/gemalde-zu-verkaufen-prag\/","url":"https:\/\/artgallery-passage.com\/de\/dielo\/gemalde-zu-verkaufen-prag\/","name":"Gem\u00e4lde zu verkaufen . Prag - ART PASSAGE GALLERY Bild","isPartOf":{"@id":"https:\/\/artgallery-passage.com\/de\/#website"},"datePublished":"2024-09-10T06:13:59+00:00","dateModified":"2024-10-18T09:30:45+00:00","description":"\u00d6lgem\u00e4lde \"Prag\" .art paintings Kunstwerk Kunstgalerie bratislava Kunstgalerie bratislava kosice \u00d6lgem\u00e4lde Akt Design \u00d6lgem\u00e4lde \u00d6lgem\u00e4lde \u00d6lgem\u00e4lde Realismus","breadcrumb":{"@id":"https:\/\/artgallery-passage.com\/de\/dielo\/gemalde-zu-verkaufen-prag\/#breadcrumb"},"inLanguage":"de-DE","potentialAction":[{"@type":"ReadAction","target":["https:\/\/artgallery-passage.com\/de\/dielo\/gemalde-zu-verkaufen-prag\/"]}]},{"@type":"BreadcrumbList","@id":"https:\/\/artgallery-passage.com\/de\/dielo\/gemalde-zu-verkaufen-prag\/#breadcrumb","itemListElement":[{"@type":"ListItem","position":1,"name":"Domovsk\u00e1 str\u00e1nka","item":"https:\/\/artgallery-passage.com\/de\/"},{"@type":"ListItem","position":2,"name":"Werke","item":"https:\/\/artgallery-passage.com\/de\/werke\/"},{"@type":"ListItem","position":3,"name":"Gem\u00e4lde zu verkaufen . Prag"}]},{"@type":"WebSite","@id":"https:\/\/artgallery-passage.com\/de\/#website","url":"https:\/\/artgallery-passage.com\/de\/","name":"ART PASSAGE GALLERY","description":"Ru\u010dne ma\u013eovan\u00e9 obrazy","potentialAction":[{"@type":"SearchAction","target":{"@type":"EntryPoint","urlTemplate":"https:\/\/artgallery-passage.com\/de\/?s={search_term_string}"},"query-input":"required name=search_term_string"}],"inLanguage":"de-DE"}]}},"_links":{"self":[{"href":"https:\/\/artgallery-passage.com\/de\/wp-json\/wp\/v2\/product\/2960"}],"collection":[{"href":"https:\/\/artgallery-passage.com\/de\/wp-json\/wp\/v2\/product"}],"about":[{"href":"https:\/\/artgallery-passage.com\/de\/wp-json\/wp\/v2\/types\/product"}],"wp:featuredmedia":[{"embeddable":true,"href":"https:\/\/artgallery-passage.com\/de\/wp-json\/wp\/v2\/media\/2963"}],"wp:attachment":[{"href":"https:\/\/artgallery-passage.com\/de\/wp-json\/wp\/v2\/media?parent=2960"}],"wp:term":[{"taxonomy":"product_cat","embeddable":true,"href":"https:\/\/artgallery-passage.com\/de\/wp-json\/wp\/v2\/product_cat?post=2960"},{"taxonomy":"product_tag","embeddable":true,"href":"https:\/\/artgallery-passage.com\/de\/wp-json\/wp\/v2\/product_tag?post=2960"}],"curies":[{"name":"wp","href":"https:\/\/api.w.org\/{rel}","templated":true}]}}