{"id":3043,"date":"2025-01-03T19:25:43","date_gmt":"2025-01-03T18:25:43","guid":{"rendered":"https:\/\/artgallery-passage.com\/?post_type=product&#038;p=3043"},"modified":"2025-02-14T12:06:44","modified_gmt":"2025-02-14T11:06:44","slug":"gemalde-zu-verkaufen-ol","status":"publish","type":"product","link":"https:\/\/artgallery-passage.com\/de\/dielo\/gemalde-zu-verkaufen-ol\/","title":{"rendered":"Gem\u00e4lde zu verkaufen . Schneek\u00f6nigin"},"content":{"rendered":"<p>A<strong>utor: IGOR NAVROTSKYI<\/strong><strong>Titel: \u00d6lgem\u00e4lde &#8222;Schneek\u00f6nigin&#8220;<\/strong><strong>Jahr:<\/strong> 2025<strong>Ma\u00dfe: 80\u00d760 cm. <\/strong><\/p>\n<p>M<strong>arkierung: handgefertigt unten<\/strong> Rahmen<strong>: ja<\/strong><strong>Motiv: figurale Malerei, Portert<\/strong><strong>Technik: \u00d6lmalerei<\/strong><\/p>\n","protected":false},"excerpt":{"rendered":"<div class=\"productListFGridText\">\n<div class=\"productListFGridText\">\n<p class=\"productListFGridDescription\"><strong>Ma\u00dfe:<\/strong> 80&#215;60 cm. <strong>Technik:<\/strong> \u00d6l .<\/p>\n<\/div>\n<\/div>\n","protected":false},"featured_media":3046,"template":"","meta":[],"product_cat":[495,490,494],"product_tag":[795,579,713,531,597,690,655,715,598,714,533,712],"yoast_head":"<!-- This site is optimized with the Yoast SEO plugin v20.3 - https:\/\/yoast.com\/wordpress\/plugins\/seo\/ -->\n<title>Gem\u00e4lde zu verkaufen . Schneek\u00f6nigin - ART PASSAGE GALLERY<\/title>\n<meta name=\"description\" content=\"\u00d6lgem\u00e4lde &quot;Schneek\u00f6nigin&quot; .art Gem\u00e4lde Kunstwerk Kunstgalerie bratislava kosice \u00d6lgem\u00e4lde Akt Design \u00d6lgem\u00e4lde \u00d6lgem\u00e4lde Realismus\" \/>\n<meta name=\"robots\" content=\"index, follow, max-snippet:-1, max-image-preview:large, max-video-preview:-1\" \/>\n<link rel=\"canonical\" href=\"https:\/\/artgallery-passage.com\/de\/dielo\/gemalde-zu-verkaufen-ol\/\" \/>\n<meta property=\"og:locale\" content=\"de_DE\" \/>\n<meta property=\"og:type\" content=\"article\" \/>\n<meta property=\"og:title\" content=\"Gem\u00e4lde zu verkaufen . Schneek\u00f6nigin - ART PASSAGE GALLERY\" \/>\n<meta property=\"og:description\" content=\"\u00d6lgem\u00e4lde &quot;Schneek\u00f6nigin&quot; .art Gem\u00e4lde Kunstwerk Kunstgalerie bratislava kosice \u00d6lgem\u00e4lde Akt Design \u00d6lgem\u00e4lde \u00d6lgem\u00e4lde Realismus\" \/>\n<meta property=\"og:url\" content=\"https:\/\/artgallery-passage.com\/de\/dielo\/gemalde-zu-verkaufen-ol\/\" \/>\n<meta property=\"og:site_name\" content=\"ART PASSAGE GALLERY\" \/>\n<meta property=\"article:modified_time\" content=\"2025-02-14T11:06:44+00:00\" \/>\n<meta property=\"og:image\" content=\"https:\/\/artgallery-passage.com\/wp-content\/uploads\/2025\/01\/Snow-Queen-80x60-600-euro.jpg\" \/>\n\t<meta property=\"og:image:width\" content=\"800\" \/>\n\t<meta property=\"og:image:height\" content=\"1077\" \/>\n\t<meta property=\"og:image:type\" content=\"image\/jpeg\" \/>\n<meta name=\"twitter:card\" content=\"summary_large_image\" \/>\n<meta name=\"twitter:label1\" content=\"Est. reading time\" \/>\n\t<meta name=\"twitter:data1\" content=\"1 Minute\" \/>\n<script type=\"application\/ld+json\" class=\"yoast-schema-graph\">{\"@context\":\"https:\/\/schema.org\",\"@graph\":[{\"@type\":\"WebPage\",\"@id\":\"https:\/\/artgallery-passage.com\/de\/dielo\/gemalde-zu-verkaufen-ol\/\",\"url\":\"https:\/\/artgallery-passage.com\/de\/dielo\/gemalde-zu-verkaufen-ol\/\",\"name\":\"Gem\u00e4lde zu verkaufen . Schneek\u00f6nigin - ART PASSAGE GALLERY\",\"isPartOf\":{\"@id\":\"https:\/\/artgallery-passage.com\/de\/#website\"},\"datePublished\":\"2025-01-03T18:25:43+00:00\",\"dateModified\":\"2025-02-14T11:06:44+00:00\",\"description\":\"\u00d6lgem\u00e4lde \\\"Schneek\u00f6nigin\\\" .art Gem\u00e4lde Kunstwerk Kunstgalerie bratislava kosice \u00d6lgem\u00e4lde Akt Design \u00d6lgem\u00e4lde \u00d6lgem\u00e4lde Realismus\",\"breadcrumb\":{\"@id\":\"https:\/\/artgallery-passage.com\/de\/dielo\/gemalde-zu-verkaufen-ol\/#breadcrumb\"},\"inLanguage\":\"de-DE\",\"potentialAction\":[{\"@type\":\"ReadAction\",\"target\":[\"https:\/\/artgallery-passage.com\/de\/dielo\/gemalde-zu-verkaufen-ol\/\"]}]},{\"@type\":\"BreadcrumbList\",\"@id\":\"https:\/\/artgallery-passage.com\/de\/dielo\/gemalde-zu-verkaufen-ol\/#breadcrumb\",\"itemListElement\":[{\"@type\":\"ListItem\",\"position\":1,\"name\":\"Domovsk\u00e1 str\u00e1nka\",\"item\":\"https:\/\/artgallery-passage.com\/de\/\"},{\"@type\":\"ListItem\",\"position\":2,\"name\":\"Werke\",\"item\":\"https:\/\/artgallery-passage.com\/de\/werke\/\"},{\"@type\":\"ListItem\",\"position\":3,\"name\":\"Gem\u00e4lde zu verkaufen . Schneek\u00f6nigin\"}]},{\"@type\":\"WebSite\",\"@id\":\"https:\/\/artgallery-passage.com\/de\/#website\",\"url\":\"https:\/\/artgallery-passage.com\/de\/\",\"name\":\"ART PASSAGE GALLERY\",\"description\":\"Ru\u010dne ma\u013eovan\u00e9 obrazy\",\"potentialAction\":[{\"@type\":\"SearchAction\",\"target\":{\"@type\":\"EntryPoint\",\"urlTemplate\":\"https:\/\/artgallery-passage.com\/de\/?s={search_term_string}\"},\"query-input\":\"required name=search_term_string\"}],\"inLanguage\":\"de-DE\"}]}<\/script>\n<!-- \/ Yoast SEO plugin. -->","yoast_head_json":{"title":"Gem\u00e4lde zu verkaufen . Schneek\u00f6nigin - ART PASSAGE GALLERY","description":"\u00d6lgem\u00e4lde \"Schneek\u00f6nigin\" .art Gem\u00e4lde Kunstwerk Kunstgalerie bratislava kosice \u00d6lgem\u00e4lde Akt Design \u00d6lgem\u00e4lde \u00d6lgem\u00e4lde Realismus","robots":{"index":"index","follow":"follow","max-snippet":"max-snippet:-1","max-image-preview":"max-image-preview:large","max-video-preview":"max-video-preview:-1"},"canonical":"https:\/\/artgallery-passage.com\/de\/dielo\/gemalde-zu-verkaufen-ol\/","og_locale":"de_DE","og_type":"article","og_title":"Gem\u00e4lde zu verkaufen . Schneek\u00f6nigin - ART PASSAGE GALLERY","og_description":"\u00d6lgem\u00e4lde \"Schneek\u00f6nigin\" .art Gem\u00e4lde Kunstwerk Kunstgalerie bratislava kosice \u00d6lgem\u00e4lde Akt Design \u00d6lgem\u00e4lde \u00d6lgem\u00e4lde Realismus","og_url":"https:\/\/artgallery-passage.com\/de\/dielo\/gemalde-zu-verkaufen-ol\/","og_site_name":"ART PASSAGE GALLERY","article_modified_time":"2025-02-14T11:06:44+00:00","og_image":[{"width":800,"height":1077,"url":"https:\/\/artgallery-passage.com\/wp-content\/uploads\/2025\/01\/Snow-Queen-80x60-600-euro.jpg","type":"image\/jpeg"}],"twitter_card":"summary_large_image","twitter_misc":{"Est. reading time":"1 Minute"},"schema":{"@context":"https:\/\/schema.org","@graph":[{"@type":"WebPage","@id":"https:\/\/artgallery-passage.com\/de\/dielo\/gemalde-zu-verkaufen-ol\/","url":"https:\/\/artgallery-passage.com\/de\/dielo\/gemalde-zu-verkaufen-ol\/","name":"Gem\u00e4lde zu verkaufen . Schneek\u00f6nigin - ART PASSAGE GALLERY","isPartOf":{"@id":"https:\/\/artgallery-passage.com\/de\/#website"},"datePublished":"2025-01-03T18:25:43+00:00","dateModified":"2025-02-14T11:06:44+00:00","description":"\u00d6lgem\u00e4lde \"Schneek\u00f6nigin\" .art Gem\u00e4lde Kunstwerk Kunstgalerie bratislava kosice \u00d6lgem\u00e4lde Akt Design \u00d6lgem\u00e4lde \u00d6lgem\u00e4lde Realismus","breadcrumb":{"@id":"https:\/\/artgallery-passage.com\/de\/dielo\/gemalde-zu-verkaufen-ol\/#breadcrumb"},"inLanguage":"de-DE","potentialAction":[{"@type":"ReadAction","target":["https:\/\/artgallery-passage.com\/de\/dielo\/gemalde-zu-verkaufen-ol\/"]}]},{"@type":"BreadcrumbList","@id":"https:\/\/artgallery-passage.com\/de\/dielo\/gemalde-zu-verkaufen-ol\/#breadcrumb","itemListElement":[{"@type":"ListItem","position":1,"name":"Domovsk\u00e1 str\u00e1nka","item":"https:\/\/artgallery-passage.com\/de\/"},{"@type":"ListItem","position":2,"name":"Werke","item":"https:\/\/artgallery-passage.com\/de\/werke\/"},{"@type":"ListItem","position":3,"name":"Gem\u00e4lde zu verkaufen . Schneek\u00f6nigin"}]},{"@type":"WebSite","@id":"https:\/\/artgallery-passage.com\/de\/#website","url":"https:\/\/artgallery-passage.com\/de\/","name":"ART PASSAGE GALLERY","description":"Ru\u010dne ma\u013eovan\u00e9 obrazy","potentialAction":[{"@type":"SearchAction","target":{"@type":"EntryPoint","urlTemplate":"https:\/\/artgallery-passage.com\/de\/?s={search_term_string}"},"query-input":"required name=search_term_string"}],"inLanguage":"de-DE"}]}},"_links":{"self":[{"href":"https:\/\/artgallery-passage.com\/de\/wp-json\/wp\/v2\/product\/3043"}],"collection":[{"href":"https:\/\/artgallery-passage.com\/de\/wp-json\/wp\/v2\/product"}],"about":[{"href":"https:\/\/artgallery-passage.com\/de\/wp-json\/wp\/v2\/types\/product"}],"wp:featuredmedia":[{"embeddable":true,"href":"https:\/\/artgallery-passage.com\/de\/wp-json\/wp\/v2\/media\/3046"}],"wp:attachment":[{"href":"https:\/\/artgallery-passage.com\/de\/wp-json\/wp\/v2\/media?parent=3043"}],"wp:term":[{"taxonomy":"product_cat","embeddable":true,"href":"https:\/\/artgallery-passage.com\/de\/wp-json\/wp\/v2\/product_cat?post=3043"},{"taxonomy":"product_tag","embeddable":true,"href":"https:\/\/artgallery-passage.com\/de\/wp-json\/wp\/v2\/product_tag?post=3043"}],"curies":[{"name":"wp","href":"https:\/\/api.w.org\/{rel}","templated":true}]}}